{"id":5009,"date":"2012-04-19T14:33:15","date_gmt":"2012-04-19T14:33:15","guid":{"rendered":"http:\/\/yemanja-diving.com:8888\/wordpressY2\/?page_id=5009"},"modified":"2012-05-04T13:20:58","modified_gmt":"2012-05-04T13:20:58","slug":"interventions","status":"publish","type":"page","link":"http:\/\/www.yemanja-diving.com\/?page_id=5009","title":{"rendered":"Interventions"},"content":{"rendered":"<p><\/p>\n<div class=\"message_karma_coolblue colored_box\"><p style=\"font-size:15px;\">\r\n<strong>Types d'interventions:<\/strong>\r\n<\/p><\/div><br class=\"clear\" \/><p><strong><\/p>\n<ul class=\"list\">\n<li>Expertises et contr\u00f4les techniques<\/li>\n<li>Production et r\u00e9alisation vid\u00e9o avec montage et incrustation plan pour expertise<\/li>\n<li>Suivi de chantier, outil \u00e0 la formation<\/li>\n<li>Contr\u00f4les non destructifs<\/li>\n<li>Agr\u00e9ment S.N.C.F, DDE, Convention EDF<\/li>\n<li>Pose de Gabions<\/li>\n<li>Proc\u00e9d\u00e9s techniques Fabriform<\/li>\n<li>Pose d&rsquo;anodes<\/li>\n<li>Pose de conduites sous-fluviales<\/li>\n<li>Assistance pour la construction de piles et cul\u00e9es de ponts, barrages, \u00e9cluses, quais, digues&#8230;<\/li>\n<li>R\u00e9glage de plate-forme<\/li>\n<li>Nettoyage de berge<\/li>\n<li>R\u00e9paration et consolidation d&rsquo;ouvrages d&rsquo;Art (Ponts, quais, barrages, \u00e9cluses&#8230;)<\/li>\n<li>D\u00e9coupage de toutes structures m\u00e9talliques (Palplanches, pieux&#8230;)<\/li>\n<li>Soudures<\/li>\n<li>Interventions en milieux pollu\u00e9s<\/li>\n<li>Am\u00e9nagement de ports de plaisance<\/li>\n<li>D\u00e9vasage<\/li>\n<li>Travaux de pompage, dragage<\/li>\n<li>D\u00e9grillage<\/li>\n<\/ul>\n<p><\/strong><\/p>\n<div class=\"image_carousel\"><\/p>\n<div id=\"foo1\">\n<a rel=\"fancybox\" href=\"wp-content\/themes\/Karma\/images\/photosite\/intervention\/1.jpg\"><img loading=\"lazy\" src=\"wp-content\/themes\/Karma\/images\/photosite\/intervention\/1.jpg\" alt=\"\" width=\"190\" height=\"111\" \/><\/a><a rel=\"fancybox\" href=\"wp-content\/themes\/Karma\/images\/photosite\/intervention\/2.jpg\"><img loading=\"lazy\" src=\"wp-content\/themes\/Karma\/images\/photosite\/intervention\/2.jpg\" alt=\"\" width=\"190\" height=\"111\" \/><\/a><a rel=\"fancybox\" href=\"wp-content\/themes\/Karma\/images\/photosite\/intervention\/3.jpg\"><img loading=\"lazy\" src=\"wp-content\/themes\/Karma\/images\/photosite\/intervention\/3.jpg\" alt=\"\" width=\"190\" height=\"111\" \/><\/a><a rel=\"fancybox\" href=\"wp-content\/themes\/Karma\/images\/photosite\/intervention\/4.jpg\"><img loading=\"lazy\" src=\"wp-content\/themes\/Karma\/images\/photosite\/intervention\/4.jpg\" alt=\"\" width=\"190\" height=\"111\" \/><\/a><a rel=\"fancybox\" href=\"wp-content\/themes\/Karma\/images\/photosite\/intervention\/5.jpg\"><img loading=\"lazy\" src=\"wp-content\/themes\/Karma\/images\/photosite\/intervention\/5.jpg\" alt=\"\" width=\"190\" height=\"111\" \/><\/a><a rel=\"fancybox\" href=\"wp-content\/themes\/Karma\/images\/photosite\/intervention\/6.jpg\"><img loading=\"lazy\" src=\"wp-content\/themes\/Karma\/images\/photosite\/intervention\/6.jpg\" alt=\"\" width=\"190\" height=\"111\" \/><\/a><a rel=\"fancybox\" href=\"wp-content\/themes\/Karma\/images\/photosite\/intervention\/7.jpg\"><img loading=\"lazy\" src=\"wp-content\/themes\/Karma\/images\/photosite\/intervention\/7.jpg\" alt=\"\" width=\"190\" height=\"111\" \/><\/a><a rel=\"fancybox\" href=\"wp-content\/themes\/Karma\/images\/photosite\/intervention\/8.jpg\"><img loading=\"lazy\" src=\"wp-content\/themes\/Karma\/images\/photosite\/intervention\/8.jpg\" alt=\"\" width=\"190\" height=\"111\" \/><\/a><a rel=\"fancybox\" href=\"wp-content\/themes\/Karma\/images\/photosite\/intervention\/9.jpg\"><img loading=\"lazy\" src=\"wp-content\/themes\/Karma\/images\/photosite\/intervention\/9.jpg\" alt=\"\" width=\"190\" height=\"111\" \/><\/a><a rel=\"fancybox\" href=\"wp-content\/themes\/Karma\/images\/photosite\/intervention\/10.jpg\"><img loading=\"lazy\" src=\"wp-content\/themes\/Karma\/images\/photosite\/intervention\/10.jpg\" alt=\"\" width=\"190\" height=\"111\" \/><\/a><a rel=\"fancybox\" href=\"wp-content\/themes\/Karma\/images\/photosite\/intervention\/11.jpg\"><img loading=\"lazy\" src=\"wp-content\/themes\/Karma\/images\/photosite\/intervention\/11.jpg\" alt=\"\" width=\"190\" height=\"111\" \/><\/a><a rel=\"fancybox\" href=\"wp-content\/themes\/Karma\/images\/photosite\/intervention\/12.jpg\"><img loading=\"lazy\" src=\"wp-content\/themes\/Karma\/images\/photosite\/intervention\/12.jpg\" alt=\"\" width=\"190\" height=\"111\" \/><\/a><a rel=\"fancybox\" href=\"wp-content\/themes\/Karma\/images\/photosite\/intervention\/13.jpg\"><img loading=\"lazy\" src=\"wp-content\/themes\/Karma\/images\/photosite\/intervention\/13.jpg\" alt=\"\" width=\"190\" height=\"111\" \/><\/a><a rel=\"fancybox\" href=\"wp-content\/themes\/Karma\/images\/photosite\/intervention\/14.jpg\"><img loading=\"lazy\" src=\"wp-content\/themes\/Karma\/images\/photosite\/intervention\/14.jpg\" alt=\"\" width=\"190\" height=\"111\" \/><\/a><a rel=\"fancybox\" href=\"wp-content\/themes\/Karma\/images\/photosite\/intervention\/15.jpg\"><img loading=\"lazy\" src=\"wp-content\/themes\/Karma\/images\/photosite\/intervention\/15.jpg\" alt=\"\" width=\"190\" height=\"111\" \/><\/a><a rel=\"fancybox\" href=\"wp-content\/themes\/Karma\/images\/photosite\/intervention\/16.jpg\"><img loading=\"lazy\" src=\"wp-content\/themes\/Karma\/images\/photosite\/intervention\/16.jpg\" alt=\"\" width=\"190\" height=\"111\" \/><\/a><a rel=\"fancybox\" href=\"wp-content\/themes\/Karma\/images\/photosite\/intervention\/17.jpg\"><img loading=\"lazy\" src=\"wp-content\/themes\/Karma\/images\/photosite\/intervention\/17.jpg\" alt=\"\" width=\"190\" height=\"111\" \/><\/a><a rel=\"fancybox\" href=\"wp-content\/themes\/Karma\/images\/photosite\/intervention\/18.jpg\"><img loading=\"lazy\" src=\"wp-content\/themes\/Karma\/images\/photosite\/intervention\/18.jpg\" alt=\"\" width=\"190\" height=\"111\" \/><\/a><a rel=\"fancybox\" href=\"wp-content\/themes\/Karma\/images\/photosite\/intervention\/19.jpg\"><img loading=\"lazy\" src=\"wp-content\/themes\/Karma\/images\/photosite\/intervention\/19.jpg\" alt=\"\" width=\"190\" height=\"111\" \/><\/a><a rel=\"fancybox\" href=\"wp-content\/themes\/Karma\/images\/photosite\/intervention\/20.jpg\"><img loading=\"lazy\" src=\"wp-content\/themes\/Karma\/images\/photosite\/intervention\/20.jpg\" alt=\"\" width=\"190\" height=\"111\" \/><\/a>\n<\/div>\n<div class=\"clearfix\"><\/div>\n<\/div>\n<p><\/p>","protected":false},"excerpt":{"rendered":"[raw] Types d'interventions: [\/raw] Vedagem Ancoragem Assit\u00eancia para constru\u00e7\u00e3o de obras p\u00fablicas Repara\u00e7\u00e3o e consolida\u00e7\u00e3o de obras p\u00fablicas Instala\u00e7\u00e3o de portos de navega\u00e7\u00e3o Corte de estruturas met\u00e1licas Repara\u00e7\u00e3o de buracos em estruturas sumersas Instala\u00e7\u00e3o de coffrages (armaturas), cimento imerso Instala\u00e7\u00e3o de Gabions Instala\u00e7\u00e3o de sondas curantom\u00e9tricas, escalas de mar\u00e9s R\u00e9glage de plate-forme Nettoyage de berge [...]","protected":false},"author":1,"featured_media":0,"parent":4847,"menu_order":0,"comment_status":"closed","ping_status":"closed","template":"template-full-width.php","meta":[],"yoast_head":"<!-- This site is optimized with the Yoast SEO plugin v16.3 - https:\/\/yoast.com\/wordpress\/plugins\/seo\/ -->\n<meta name=\"robots\" content=\"index, follow, max-snippet:-1, max-image-preview:large, max-video-preview:-1\" \/>\n<link rel=\"canonical\" href=\"https:\/\/www.yemanja-diving.com\/?page_id=5009\" \/>\n<meta property=\"og:locale\" content=\"fr_FR\" \/>\n<meta property=\"og:type\" content=\"article\" \/>\n<meta property=\"og:title\" content=\"Interventions - Yemanja\" \/>\n<meta property=\"og:url\" content=\"https:\/\/www.yemanja-diving.com\/?page_id=5009\" \/>\n<meta property=\"og:site_name\" content=\"Yemanja\" \/>\n<meta property=\"article:modified_time\" content=\"2012-05-04T13:20:58+00:00\" \/>\n<meta property=\"og:image\" content=\"http:\/\/wp-content\/themes\/Karma\/images\/photosite\/intervention\/1.jpg\" \/>\n<meta name=\"twitter:card\" content=\"summary_large_image\" \/>\n<meta name=\"twitter:label1\" content=\"Dur\u00e9e de lecture est.\">\n\t<meta name=\"twitter:data1\" content=\"3 minutes\">\n<script type=\"application\/ld+json\" class=\"yoast-schema-graph\">{\"@context\":\"https:\/\/schema.org\",\"@graph\":[{\"@type\":\"Organization\",\"@id\":\"http:\/\/www.yemanja-diving.com\/#organization\",\"name\":\"Yemanja\",\"url\":\"http:\/\/www.yemanja-diving.com\/\",\"sameAs\":[],\"logo\":{\"@type\":\"ImageObject\",\"@id\":\"http:\/\/www.yemanja-diving.com\/#logo\",\"inLanguage\":\"fr-FR\",\"url\":\"http:\/\/yemanja-diving.com\/wp-content\/uploads\/2012\/04\/logo1.png\",\"contentUrl\":\"http:\/\/yemanja-diving.com\/wp-content\/uploads\/2012\/04\/logo1.png\",\"width\":\"224\",\"height\":\"100\",\"caption\":\"Yemanja\"},\"image\":{\"@id\":\"http:\/\/www.yemanja-diving.com\/#logo\"}},{\"@type\":\"WebSite\",\"@id\":\"http:\/\/www.yemanja-diving.com\/#website\",\"url\":\"http:\/\/www.yemanja-diving.com\/\",\"name\":\"Yemanja\",\"description\":\"Travaux maritimes\",\"publisher\":{\"@id\":\"http:\/\/www.yemanja-diving.com\/#organization\"},\"potentialAction\":[{\"@type\":\"SearchAction\",\"target\":\"http:\/\/www.yemanja-diving.com\/?s={search_term_string}\",\"query-input\":\"required name=search_term_string\"}],\"inLanguage\":\"fr-FR\"},{\"@type\":\"ImageObject\",\"@id\":\"https:\/\/www.yemanja-diving.com\/?page_id=5009#primaryimage\",\"inLanguage\":\"fr-FR\",\"url\":\"wp-content\/themes\/Karma\/images\/photosite\/intervention\/1.jpg\",\"contentUrl\":\"wp-content\/themes\/Karma\/images\/photosite\/intervention\/1.jpg\"},{\"@type\":\"WebPage\",\"@id\":\"https:\/\/www.yemanja-diving.com\/?page_id=5009#webpage\",\"url\":\"https:\/\/www.yemanja-diving.com\/?page_id=5009\",\"name\":\"Interventions - Yemanja\",\"isPartOf\":{\"@id\":\"http:\/\/www.yemanja-diving.com\/#website\"},\"primaryImageOfPage\":{\"@id\":\"https:\/\/www.yemanja-diving.com\/?page_id=5009#primaryimage\"},\"datePublished\":\"2012-04-19T14:33:15+00:00\",\"dateModified\":\"2012-05-04T13:20:58+00:00\",\"breadcrumb\":{\"@id\":\"https:\/\/www.yemanja-diving.com\/?page_id=5009#breadcrumb\"},\"inLanguage\":\"fr-FR\",\"potentialAction\":[{\"@type\":\"ReadAction\",\"target\":[\"https:\/\/www.yemanja-diving.com\/?page_id=5009\"]}]},{\"@type\":\"BreadcrumbList\",\"@id\":\"https:\/\/www.yemanja-diving.com\/?page_id=5009#breadcrumb\",\"itemListElement\":[{\"@type\":\"ListItem\",\"position\":1,\"item\":{\"@type\":\"WebPage\",\"@id\":\"http:\/\/www.yemanja-diving.com\/?lang=en\",\"url\":\"http:\/\/www.yemanja-diving.com\/?lang=en\",\"name\":\"Accueil\"}},{\"@type\":\"ListItem\",\"position\":2,\"item\":{\"@type\":\"WebPage\",\"@id\":\"http:\/\/www.yemanja-diving.com\/?page_id=4847\",\"url\":\"http:\/\/www.yemanja-diving.com\/?page_id=4847\",\"name\":\"Travaux subaquatiques\"}},{\"@type\":\"ListItem\",\"position\":3,\"item\":{\"@id\":\"https:\/\/www.yemanja-diving.com\/?page_id=5009#webpage\"}}]}]}<\/script>\n<!-- \/ Yoast SEO plugin. -->","_links":{"self":[{"href":"http:\/\/www.yemanja-diving.com\/index.php?rest_route=\/wp\/v2\/pages\/5009"}],"collection":[{"href":"http:\/\/www.yemanja-diving.com\/index.php?rest_route=\/wp\/v2\/pages"}],"about":[{"href":"http:\/\/www.yemanja-diving.com\/index.php?rest_route=\/wp\/v2\/types\/page"}],"author":[{"embeddable":true,"href":"http:\/\/www.yemanja-diving.com\/index.php?rest_route=\/wp\/v2\/users\/1"}],"replies":[{"embeddable":true,"href":"http:\/\/www.yemanja-diving.com\/index.php?rest_route=%2Fwp%2Fv2%2Fcomments&post=5009"}],"version-history":[{"count":29,"href":"http:\/\/www.yemanja-diving.com\/index.php?rest_route=\/wp\/v2\/pages\/5009\/revisions"}],"predecessor-version":[{"id":5471,"href":"http:\/\/www.yemanja-diving.com\/index.php?rest_route=\/wp\/v2\/pages\/5009\/revisions\/5471"}],"up":[{"embeddable":true,"href":"http:\/\/www.yemanja-diving.com\/index.php?rest_route=\/wp\/v2\/pages\/4847"}],"wp:attachment":[{"href":"http:\/\/www.yemanja-diving.com\/index.php?rest_route=%2Fwp%2Fv2%2Fmedia&parent=5009"}],"curies":[{"name":"wp","href":"https:\/\/api.w.org\/{rel}","templated":true}]}}