{"id":5020,"date":"2012-04-19T16:52:21","date_gmt":"2012-04-19T16:52:21","guid":{"rendered":"http:\/\/yemanja-diving.com:8888\/wordpressY2\/?page_id=5020"},"modified":"2012-06-06T14:45:02","modified_gmt":"2012-06-06T14:45:02","slug":"offshore","status":"publish","type":"page","link":"https:\/\/www.yemanja-diving.com\/?page_id=5020","title":{"rendered":"Offshore"},"content":{"rendered":"<p><\/p>\n<div class=\"message_karma_coolblue colored_box\"><p style=\"font-size:15px;\">\r\nPour r\u00e9pondre \u00e0 vos besoins Yemanja intervient en offshore\u00a0: d\u00e9roctage, explosifs, ancrage, r\u00e9parations Hydrotec, Hydroball et raccordement par manchette, pose d'anodes,application de r\u00e9sine, maintenance de structures immerg\u00e9es, contr\u00f4le, expertises, travaux environnementaux, protection de zone.\r\n<\/p><\/div><br class=\"clear\" \/><h5><strong>Travaux r\u00e9alis\u00e9s sous normes :<\/strong>\u00a0<img loading=\"lazy\" style=\"vertical-align: middle;\" src=\"http:\/\/www.etps-travaux-maritimes.fr\/images\/stories\/offshore\/logo-iMCA.gif\" alt=\"logo-iMCA\" width=\"117\" height=\"50\" \/><\/h5>\n<div class=\"one_half\"><ul class=\"list\">\n<li><strong>D\u00e9roctage<\/strong><\/li>\n<li><strong>Ancrages et fondations<\/strong><\/li>\n<li><strong>Application de r\u00e9sine<\/strong><\/li>\n<li><strong>Maintenance, contr\u00f4le et expertise de structures immerg\u00e9es CND (contr\u00f4le non destructif)<\/strong><\/li>\n<li><strong>R\u00e9glage de plate-forme<\/strong><\/li>\n<li><strong>Calage de pipe<\/strong><\/li>\n<li><strong>Nettoyage et point antifouling<\/strong><\/li>\n<li><strong>Nettoyage de coque de bateau <\/strong><\/li>\n<li><strong>Nettoyage de toutes structures immerg\u00e9es ( lance HP, brosse, caviblaster ) <\/strong><\/li>\n<li><strong>Soudage<\/strong><\/li>\n<li><strong>R\u00e9parations toutes structures endommag\u00e9es<\/strong><\/li>\n<li><strong>Resserrage brides<\/strong><\/li>\n<li><strong>Changement PLEM<\/strong><\/li>\n<\/ul>\n<\/div><div class=\"one_half_last\"><h5>Fonds et sous-sols sous-marins<\/h5>\n<ul class=\"list\">\n<li><strong>Prises de vues ou vid\u00e9os avec retour de surface (ROV)<\/strong><\/li>\n<li><strong>Relev\u00e9s bathym\u00e9triques<\/strong><\/li>\n<li><strong>Recherche du bed-rock \u00e0 la lance hydraulique<\/strong><\/li>\n<\/ul>\n<h5>Prise d&rsquo;\u00e9chantillons par sonde immerg\u00e9e<\/h5>\n<h5>Travaux de contr\u00f4les<\/h5>\n<ul class=\"list\">\n<li><strong>Construction MOF<\/strong><\/li>\n<li><strong>Outfoll<\/strong><\/li>\n<li><strong>Jetty<\/strong><\/li>\n<li><strong>Shore Line<\/strong><\/li>\n<li><strong>Acropodes<\/strong><\/li>\n<\/ul>\n<\/div><br class=\"clear\" \/><div class=\"image_carousel\"><\/p>\n<div id=\"foo1\">\n<a rel=\"fancybox\" href=\"wp-content\/themes\/Karma\/images\/photosite\/Offshore\/1.jpg\"><img loading=\"lazy\" src=\"wp-content\/themes\/Karma\/images\/photosite\/Offshore\/1.jpg\" alt=\"\" width=\"190\" height=\"111\" \/><\/a><a rel=\"fancybox\" href=\"wp-content\/themes\/Karma\/images\/photosite\/Offshore\/2.jpg\"><img loading=\"lazy\" src=\"wp-content\/themes\/Karma\/images\/photosite\/Offshore\/2.jpg\" alt=\"\" width=\"190\" height=\"111\" \/><\/a><a rel=\"fancybox\" href=\"wp-content\/themes\/Karma\/images\/photosite\/Offshore\/3.jpg\"><img loading=\"lazy\" src=\"wp-content\/themes\/Karma\/images\/photosite\/Offshore\/3.jpg\" alt=\"\" width=\"190\" height=\"111\" \/><\/a><a rel=\"fancybox\" href=\"wp-content\/themes\/Karma\/images\/photosite\/Offshore\/4.jpg\"><img loading=\"lazy\" src=\"wp-content\/themes\/Karma\/images\/photosite\/Offshore\/4.jpg\" alt=\"\" width=\"190\" height=\"111\" \/><\/a><a rel=\"fancybox\" href=\"wp-content\/themes\/Karma\/images\/photosite\/Offshore\/5.jpg\"><img loading=\"lazy\" src=\"wp-content\/themes\/Karma\/images\/photosite\/Offshore\/5.jpg\" alt=\"\" width=\"190\" height=\"111\" \/><\/a><a rel=\"fancybox\" href=\"wp-content\/themes\/Karma\/images\/photosite\/Offshore\/6.jpg\"><img loading=\"lazy\" src=\"wp-content\/themes\/Karma\/images\/photosite\/Offshore\/6.jpg\" alt=\"\" width=\"190\" height=\"111\" \/><\/a><a rel=\"fancybox\" href=\"wp-content\/themes\/Karma\/images\/photosite\/Offshore\/7.jpg\"><img loading=\"lazy\" src=\"wp-content\/themes\/Karma\/images\/photosite\/Offshore\/7.jpg\" alt=\"\" width=\"190\" height=\"111\" \/><\/a><a rel=\"fancybox\" href=\"wp-content\/themes\/Karma\/images\/photosite\/Offshore\/8.jpg\"><img loading=\"lazy\" src=\"wp-content\/themes\/Karma\/images\/photosite\/Offshore\/8.jpg\" alt=\"\" width=\"190\" height=\"111\" \/><\/a><a rel=\"fancybox\" href=\"wp-content\/themes\/Karma\/images\/photosite\/Offshore\/9.jpg\"><img loading=\"lazy\" src=\"wp-content\/themes\/Karma\/images\/photosite\/Offshore\/9.jpg\" alt=\"\" width=\"190\" height=\"111\" \/><\/a><a rel=\"fancybox\" href=\"wp-content\/themes\/Karma\/images\/photosite\/Offshore\/10.jpg\"><img loading=\"lazy\" src=\"wp-content\/themes\/Karma\/images\/photosite\/Offshore\/10.jpg\" alt=\"\" width=\"190\" height=\"111\" \/><\/a><a rel=\"fancybox\" href=\"wp-content\/themes\/Karma\/images\/photosite\/Offshore\/11.jpg\"><img loading=\"lazy\" src=\"wp-content\/themes\/Karma\/images\/photosite\/Offshore\/11.jpg\" alt=\"\" width=\"190\" height=\"111\" \/><\/a><a rel=\"fancybox\" href=\"wp-content\/themes\/Karma\/images\/photosite\/Offshore\/12.jpg\"><img loading=\"lazy\" src=\"wp-content\/themes\/Karma\/images\/photosite\/Offshore\/12.jpg\" alt=\"\" width=\"190\" height=\"111\" \/><\/a><a rel=\"fancybox\" href=\"wp-content\/themes\/Karma\/images\/photosite\/Offshore\/13.jpg\"><img loading=\"lazy\" src=\"wp-content\/themes\/Karma\/images\/photosite\/Offshore\/13.jpg\" alt=\"\" width=\"190\" height=\"111\" \/><\/a><a rel=\"fancybox\" href=\"wp-content\/themes\/Karma\/images\/photosite\/Offshore\/14.jpg\"><img loading=\"lazy\" src=\"wp-content\/themes\/Karma\/images\/photosite\/Offshore\/14.jpg\" alt=\"\" width=\"190\" height=\"111\" \/><\/a><a rel=\"fancybox\" href=\"wp-content\/themes\/Karma\/images\/photosite\/Offshore\/15.jpg\"><img loading=\"lazy\" src=\"wp-content\/themes\/Karma\/images\/photosite\/Offshore\/15.jpg\" alt=\"\" width=\"190\" height=\"111\" \/><\/a><a rel=\"fancybox\" href=\"wp-content\/themes\/Karma\/images\/photosite\/Offshore\/16.jpg\"><img loading=\"lazy\" src=\"wp-content\/themes\/Karma\/images\/photosite\/Offshore\/16.jpg\" alt=\"\" width=\"190\" height=\"111\" \/><\/a><a rel=\"fancybox\" href=\"wp-content\/themes\/Karma\/images\/photosite\/Offshore\/17.jpg\"><img loading=\"lazy\" src=\"wp-content\/themes\/Karma\/images\/photosite\/Offshore\/17.jpg\" alt=\"\" width=\"190\" height=\"111\" \/><\/a><a rel=\"fancybox\" href=\"wp-content\/themes\/Karma\/images\/photosite\/Offshore\/18.jpg\"><img loading=\"lazy\" src=\"wp-content\/themes\/Karma\/images\/photosite\/Offshore\/18.jpg\" alt=\"\" width=\"190\" height=\"111\" \/><\/a><a rel=\"fancybox\" href=\"wp-content\/themes\/Karma\/images\/photosite\/Offshore\/19.jpg\"><img loading=\"lazy\" src=\"wp-content\/themes\/Karma\/images\/photosite\/Offshore\/19.jpg\" alt=\"\" width=\"190\" height=\"111\" \/><\/a><a rel=\"fancybox\" href=\"wp-content\/themes\/Karma\/images\/photosite\/Offshore\/20.jpg\"><img loading=\"lazy\" src=\"wp-content\/themes\/Karma\/images\/photosite\/Offshore\/20.jpg\" alt=\"\" width=\"190\" height=\"111\" \/><\/a><a rel=\"fancybox\" href=\"wp-content\/themes\/Karma\/images\/photosite\/Offshore\/21.jpg\"><img loading=\"lazy\" src=\"wp-content\/themes\/Karma\/images\/photosite\/Offshore\/21.jpg\" alt=\"\" width=\"190\" height=\"111\" \/><\/a><a rel=\"fancybox\" href=\"wp-content\/themes\/Karma\/images\/photosite\/Offshore\/22.jpg\"><img loading=\"lazy\" src=\"wp-content\/themes\/Karma\/images\/photosite\/Offshore\/22.jpg\" alt=\"\" width=\"190\" height=\"111\" \/><\/a><a rel=\"fancybox\" href=\"wp-content\/themes\/Karma\/images\/photosite\/Offshore\/23.jpg\"><img loading=\"lazy\" src=\"wp-content\/themes\/Karma\/images\/photosite\/Offshore\/23.jpg\" alt=\"\" width=\"190\" height=\"111\" \/><\/a><a rel=\"fancybox\" href=\"wp-content\/themes\/Karma\/images\/photosite\/Offshore\/24.jpg\"><img loading=\"lazy\" src=\"wp-content\/themes\/Karma\/images\/photosite\/Offshore\/24.jpg\" alt=\"\" width=\"190\" height=\"111\" \/><\/a>\n<\/div>\n<div class=\"clearfix\"><\/div>\n<\/div>\n<p><\/p>","protected":false},"excerpt":{"rendered":"<p>\nTravaux r\u00e9alis\u00e9s sous normes :\u00a0<\/p>\n<p><\/p>\n","protected":false},"author":1,"featured_media":0,"parent":4847,"menu_order":0,"comment_status":"closed","ping_status":"closed","template":"template-full-width.php","meta":[],"yoast_head":"<!-- This site is optimized with the Yoast SEO plugin v16.3 - https:\/\/yoast.com\/wordpress\/plugins\/seo\/ -->\n<meta name=\"robots\" content=\"index, follow, max-snippet:-1, max-image-preview:large, max-video-preview:-1\" \/>\n<link rel=\"canonical\" href=\"http:\/\/www.yemanja-diving.com\/?page_id=5020&#038;lang=en\" \/>\n<meta property=\"og:locale\" content=\"fr_FR\" \/>\n<meta property=\"og:type\" content=\"article\" \/>\n<meta property=\"og:title\" content=\"Offshore - Yemanja\" \/>\n<meta property=\"og:description\" content=\"Travaux r\u00e9alis\u00e9s sous normes :\u00a0\" \/>\n<meta property=\"og:url\" content=\"http:\/\/www.yemanja-diving.com\/?page_id=5020&amp;lang=en\" \/>\n<meta property=\"og:site_name\" content=\"Yemanja\" \/>\n<meta property=\"article:modified_time\" content=\"2012-06-06T14:45:02+00:00\" \/>\n<meta property=\"og:image\" content=\"http:\/\/www.etps-travaux-maritimes.fr\/images\/stories\/offshore\/logo-iMCA.gif\" \/>\n<meta name=\"twitter:card\" content=\"summary_large_image\" \/>\n<meta name=\"twitter:label1\" content=\"Dur\u00e9e de lecture est.\">\n\t<meta name=\"twitter:data1\" content=\"5 minutes\">\n<script type=\"application\/ld+json\" class=\"yoast-schema-graph\">{\"@context\":\"https:\/\/schema.org\",\"@graph\":[{\"@type\":\"Organization\",\"@id\":\"http:\/\/www.yemanja-diving.com\/#organization\",\"name\":\"Yemanja\",\"url\":\"http:\/\/www.yemanja-diving.com\/\",\"sameAs\":[],\"logo\":{\"@type\":\"ImageObject\",\"@id\":\"http:\/\/www.yemanja-diving.com\/#logo\",\"inLanguage\":\"fr-FR\",\"url\":\"http:\/\/yemanja-diving.com\/wp-content\/uploads\/2012\/04\/logo1.png\",\"contentUrl\":\"http:\/\/yemanja-diving.com\/wp-content\/uploads\/2012\/04\/logo1.png\",\"width\":\"224\",\"height\":\"100\",\"caption\":\"Yemanja\"},\"image\":{\"@id\":\"http:\/\/www.yemanja-diving.com\/#logo\"}},{\"@type\":\"WebSite\",\"@id\":\"http:\/\/www.yemanja-diving.com\/#website\",\"url\":\"http:\/\/www.yemanja-diving.com\/\",\"name\":\"Yemanja\",\"description\":\"Travaux maritimes\",\"publisher\":{\"@id\":\"http:\/\/www.yemanja-diving.com\/#organization\"},\"potentialAction\":[{\"@type\":\"SearchAction\",\"target\":\"http:\/\/www.yemanja-diving.com\/?s={search_term_string}\",\"query-input\":\"required name=search_term_string\"}],\"inLanguage\":\"fr-FR\"},{\"@type\":\"ImageObject\",\"@id\":\"http:\/\/www.yemanja-diving.com\/?page_id=5020&lang=en#primaryimage\",\"inLanguage\":\"fr-FR\",\"url\":\"http:\/\/www.etps-travaux-maritimes.fr\/images\/stories\/offshore\/logo-iMCA.gif\",\"contentUrl\":\"http:\/\/www.etps-travaux-maritimes.fr\/images\/stories\/offshore\/logo-iMCA.gif\"},{\"@type\":\"WebPage\",\"@id\":\"http:\/\/www.yemanja-diving.com\/?page_id=5020&lang=en#webpage\",\"url\":\"http:\/\/www.yemanja-diving.com\/?page_id=5020&lang=en\",\"name\":\"Offshore - Yemanja\",\"isPartOf\":{\"@id\":\"http:\/\/www.yemanja-diving.com\/#website\"},\"primaryImageOfPage\":{\"@id\":\"http:\/\/www.yemanja-diving.com\/?page_id=5020&lang=en#primaryimage\"},\"datePublished\":\"2012-04-19T16:52:21+00:00\",\"dateModified\":\"2012-06-06T14:45:02+00:00\",\"breadcrumb\":{\"@id\":\"http:\/\/www.yemanja-diving.com\/?page_id=5020&lang=en#breadcrumb\"},\"inLanguage\":\"fr-FR\",\"potentialAction\":[{\"@type\":\"ReadAction\",\"target\":[\"http:\/\/www.yemanja-diving.com\/?page_id=5020&lang=en\"]}]},{\"@type\":\"BreadcrumbList\",\"@id\":\"http:\/\/www.yemanja-diving.com\/?page_id=5020&lang=en#breadcrumb\",\"itemListElement\":[{\"@type\":\"ListItem\",\"position\":1,\"item\":{\"@type\":\"WebPage\",\"@id\":\"http:\/\/www.yemanja-diving.com\/?lang=en\",\"url\":\"http:\/\/www.yemanja-diving.com\/?lang=en\",\"name\":\"Accueil\"}},{\"@type\":\"ListItem\",\"position\":2,\"item\":{\"@type\":\"WebPage\",\"@id\":\"http:\/\/www.yemanja-diving.com\/?page_id=4847\",\"url\":\"http:\/\/www.yemanja-diving.com\/?page_id=4847\",\"name\":\"Travaux subaquatiques\"}},{\"@type\":\"ListItem\",\"position\":3,\"item\":{\"@id\":\"http:\/\/www.yemanja-diving.com\/?page_id=5020&lang=en#webpage\"}}]}]}<\/script>\n<!-- \/ Yoast SEO plugin. -->","_links":{"self":[{"href":"https:\/\/www.yemanja-diving.com\/index.php?rest_route=\/wp\/v2\/pages\/5020"}],"collection":[{"href":"https:\/\/www.yemanja-diving.com\/index.php?rest_route=\/wp\/v2\/pages"}],"about":[{"href":"https:\/\/www.yemanja-diving.com\/index.php?rest_route=\/wp\/v2\/types\/page"}],"author":[{"embeddable":true,"href":"https:\/\/www.yemanja-diving.com\/index.php?rest_route=\/wp\/v2\/users\/1"}],"replies":[{"embeddable":true,"href":"https:\/\/www.yemanja-diving.com\/index.php?rest_route=%2Fwp%2Fv2%2Fcomments&post=5020"}],"version-history":[{"count":48,"href":"https:\/\/www.yemanja-diving.com\/index.php?rest_route=\/wp\/v2\/pages\/5020\/revisions"}],"predecessor-version":[{"id":5493,"href":"https:\/\/www.yemanja-diving.com\/index.php?rest_route=\/wp\/v2\/pages\/5020\/revisions\/5493"}],"up":[{"embeddable":true,"href":"https:\/\/www.yemanja-diving.com\/index.php?rest_route=\/wp\/v2\/pages\/4847"}],"wp:attachment":[{"href":"https:\/\/www.yemanja-diving.com\/index.php?rest_route=%2Fwp%2Fv2%2Fmedia&parent=5020"}],"curies":[{"name":"wp","href":"https:\/\/api.w.org\/{rel}","templated":true}]}}